{"id":2765,"date":"2024-10-02T09:11:48","date_gmt":"2024-10-02T08:11:48","guid":{"rendered":"https:\/\/www.saulnes.fr\/?page_id=2765"},"modified":"2025-09-11T14:00:36","modified_gmt":"2025-09-11T13:00:36","slug":"mariages-pacs","status":"publish","type":"page","link":"https:\/\/www.saulnes.fr\/?page_id=2765","title":{"rendered":"Mariages &amp; PACS"},"content":{"rendered":"<p>[et_pb_section fb_built=\u00a0\u00bb1&Prime; _builder_version=\u00a0\u00bb4.16&Prime; _module_preset=\u00a0\u00bbdefault\u00a0\u00bb global_colors_info=\u00a0\u00bb{}\u00a0\u00bb][et_pb_row _builder_version=\u00a0\u00bb4.16&Prime; _module_preset=\u00a0\u00bbdefault\u00a0\u00bb custom_margin=\u00a0\u00bb80px|auto||auto||\u00a0\u00bb custom_padding=\u00a0\u00bb||4px|||\u00a0\u00bb global_colors_info=\u00a0\u00bb{}\u00a0\u00bb][et_pb_column type=\u00a0\u00bb4_4&Prime; _builder_version=\u00a0\u00bb4.16&Prime; _module_preset=\u00a0\u00bbdefault\u00a0\u00bb global_colors_info=\u00a0\u00bb{}\u00a0\u00bb][et_pb_text _builder_version=\u00a0\u00bb4.27.2&Prime; _module_preset=\u00a0\u00bbdefault\u00a0\u00bb custom_margin=\u00a0\u00bb||-1px|||\u00a0\u00bb global_colors_info=\u00a0\u00bb{}\u00a0\u00bb]<\/p>\n<h1>Mariages &amp; PACS<\/h1>\n<p>[\/et_pb_text][et_pb_divider divider_weight=\u00a0\u00bb7px\u00a0\u00bb _builder_version=\u00a0\u00bb4.16&Prime; _module_preset=\u00a0\u00bbdefault\u00a0\u00bb global_colors_info=\u00a0\u00bb{}\u00a0\u00bb][\/et_pb_divider][\/et_pb_column][\/et_pb_row][et_pb_row _builder_version=\u00a0\u00bb4.27.2&Prime; _module_preset=\u00a0\u00bbdefault\u00a0\u00bb global_colors_info=\u00a0\u00bb{}\u00a0\u00bb][et_pb_column type=\u00a0\u00bb4_4&Prime; _builder_version=\u00a0\u00bb4.27.2&Prime; _module_preset=\u00a0\u00bbdefault\u00a0\u00bb global_colors_info=\u00a0\u00bb{}\u00a0\u00bb][et_pb_text _builder_version=\u00a0\u00bb4.27.4&Prime; _module_preset=\u00a0\u00bbdefault\u00a0\u00bb hover_enabled=\u00a0\u00bb0&Prime; global_colors_info=\u00a0\u00bb{}\u00a0\u00bb sticky_enabled=\u00a0\u00bb0&Prime;]<\/p>\n<h2 style=\"text-align: center;\"><strong>Dossiers \u00e0 retirer en mairie<\/strong><\/h2>\n<p><strong><\/strong><\/p>\n<h4>Mariage, pi\u00e8ces \u00e0 fournir<\/h4>\n<p>&#8211; copie de la pi\u00e8ce d\u2019identit\u00e9 de chaque partenaire<br \/>&#8211; copie de l\u2019acte de naissance de chaque partenaire de moins de 3 mois<br \/>&#8211; justificatif de domicile de moins de 3 mois<br \/>&#8211; remplir le dossier de demande de Mariage \u00e0 demander en Mairie<br \/>&#8211; liste des t\u00e9moins<br \/>&#8211; copie de leurs cartes d\u2019identit\u00e9s<br \/>&#8211; certificat du notaire si il y a un contrat de mariage<br \/>&#8211; acte de naissance des enfants (si il y en a)<\/p>\n<h4><\/h4>\n<h4>PACS, pi\u00e8ces \u00e0 fournir<\/h4>\n<p>&#8211; copie de la pi\u00e8ce d\u2019identit\u00e9 de chaque partenaire<br \/>&#8211; copie de l\u2019acte de naissance de chaque partenaire de moins de 3 mois<br \/>&#8211; formulaire <a href=\"https:\/\/www.saulnes.fr\/wp-content\/uploads\/2025\/09\/cerfa_15725-03-PACS.pdf\"><strong>cerfa n\u00b015725*03<\/strong><\/a> et <a href=\"https:\/\/www.saulnes.fr\/wp-content\/uploads\/2025\/09\/cerfa_15726-02-Convention-PACS.pdf\"><strong>cerfa15726*02<\/strong><\/a><br \/>&#8211; remplir le dossier de demande de PACS \u00e0 demander en Mairie<\/p>\n<p>[\/et_pb_text][\/et_pb_column][\/et_pb_row][\/et_pb_section]<\/p>\n","protected":false},"excerpt":{"rendered":"<p>Mariages &amp; PACSDossiers \u00e0 retirer en mairie Mariage, pi\u00e8ces \u00e0 fournir &#8211; copie de la pi\u00e8ce d\u2019identit\u00e9 de chaque partenaire- copie de l\u2019acte de naissance de chaque partenaire de moins de 3 mois- justificatif de domicile de moins de 3 mois- remplir le dossier de demande de Mariage \u00e0 demander en Mairie- liste des t\u00e9moins- [&hellip;]<\/p>\n","protected":false},"author":1,"featured_media":0,"parent":0,"menu_order":0,"comment_status":"closed","ping_status":"closed","template":"","meta":{"_et_pb_use_builder":"on","_et_pb_old_content":"","_et_gb_content_width":"","footnotes":""},"class_list":["post-2765","page","type-page","status-publish","hentry"],"_links":{"self":[{"href":"https:\/\/www.saulnes.fr\/index.php?rest_route=\/wp\/v2\/pages\/2765","targetHints":{"allow":["GET"]}}],"collection":[{"href":"https:\/\/www.saulnes.fr\/index.php?rest_route=\/wp\/v2\/pages"}],"about":[{"href":"https:\/\/www.saulnes.fr\/index.php?rest_route=\/wp\/v2\/types\/page"}],"author":[{"embeddable":true,"href":"https:\/\/www.saulnes.fr\/index.php?rest_route=\/wp\/v2\/users\/1"}],"replies":[{"embeddable":true,"href":"https:\/\/www.saulnes.fr\/index.php?rest_route=%2Fwp%2Fv2%2Fcomments&post=2765"}],"version-history":[{"count":4,"href":"https:\/\/www.saulnes.fr\/index.php?rest_route=\/wp\/v2\/pages\/2765\/revisions"}],"predecessor-version":[{"id":3063,"href":"https:\/\/www.saulnes.fr\/index.php?rest_route=\/wp\/v2\/pages\/2765\/revisions\/3063"}],"wp:attachment":[{"href":"https:\/\/www.saulnes.fr\/index.php?rest_route=%2Fwp%2Fv2%2Fmedia&parent=2765"}],"curies":[{"name":"wp","href":"https:\/\/api.w.org\/{rel}","templated":true}]}}